{"id":8,"date":"2017-03-19T11:51:01","date_gmt":"2017-03-19T11:51:01","guid":{"rendered":"http:\/\/www.dormire.se\/?page_id=8"},"modified":"2018-12-13T01:22:02","modified_gmt":"2018-12-13T00:22:02","slug":"about","status":"publish","type":"page","link":"https:\/\/www.dormire.se\/?page_id=8","title":{"rendered":"Om oss"},"content":{"rendered":"<p><strong>Dormire<\/strong><\/p>\n<p>Dormire har som m\u00e5l att ge fler individer m\u00f6jlighet att vara utvilade och hitta ett inre lugn. Vi vill bidra till minskad anv\u00e4ndning av mediciner och v\u00e5r intention \u00e4r att sprida kunskapen om de h\u00e4r mycket hj\u00e4lpsamma produkterna nationellt och internationellt.<\/p>\n<p>Domire \u00e4r ett milj\u00f6medvetet f\u00f6retag och vi arbetar aktivt med att minska p\u00e5verkan p\u00e5 milj\u00f6n. Kvalitets- och milj\u00f6arbetet styrs genom v\u00e5r ISO 14001 och 9001-certifiering.<\/p>\n<p>S\u00f6mnsv\u00e5righeter och stress\/oro\/\u00e5ngest kan bidra till stora problem f\u00f6r individen och anh\u00f6riga. En av v\u00e5ra medarbetare \u00e4r Specialistsjuksk\u00f6terska barn och ungdom med Medicine magisterexamen. Hon har 20 \u00e5rs erfarenhet av arbete med patienter med neuropsykiatriska funktionshinder, s\u00f6mnsv\u00e5righeter och \u00e4tst\u00f6rningar. Hennes erfarenhet av tyngdt\u00e4cken som hj\u00e4lpmedel f\u00f6r patienterna \u00e4r \u00f6verv\u00e4ldigande positiv. D\u00e4rigenom v\u00e4cktes en dr\u00f6m om att kunna hj\u00e4lpa s\u00e5 m\u00e5nga som m\u00f6jligt att f\u00e5 prova tyngdt\u00e4cken av mycket god kvalit\u00e9 till ett bra pris.<\/p>\n<p>Det blev starten f\u00f6r Dormire och idag erbjuder vi hj\u00e4lpmedel f\u00f6r att sova gott och f\u00e5 en b\u00e4ttre vardag.<\/p>\n<p>Ett h\u00e5llbart f\u00f6retag f\u00f6r sj\u00e4len &#8211; det brinner vi f\u00f6r!<\/p>\n<p>Dormire \u00e4r en del av Funka Mera Norden AB<\/p>\n","protected":false},"excerpt":{"rendered":"<p>Dormire Dormire har som m\u00e5l att ge fler individer m\u00f6jlighet att vara utvilade och hitta ett inre lugn. Vi vill bidra till minskad anv\u00e4ndning av mediciner och v\u00e5r intention \u00e4r att sprida kunskapen om de h\u00e4r mycket hj\u00e4lpsamma produkterna nationellt och internationellt. Domire \u00e4r ett milj\u00f6medvetet f\u00f6retag och vi arbetar aktivt med att minska p\u00e5verkan [&hellip;]<\/p>\n","protected":false},"author":1,"featured_media":358,"parent":0,"menu_order":0,"comment_status":"closed","ping_status":"closed","template":"","meta":{"footnotes":""},"class_list":["post-8","page","type-page","status-publish","has-post-thumbnail","hentry"],"_links":{"self":[{"href":"https:\/\/www.dormire.se\/index.php?rest_route=\/wp\/v2\/pages\/8","targetHints":{"allow":["GET"]}}],"collection":[{"href":"https:\/\/www.dormire.se\/index.php?rest_route=\/wp\/v2\/pages"}],"about":[{"href":"https:\/\/www.dormire.se\/index.php?rest_route=\/wp\/v2\/types\/page"}],"author":[{"embeddable":true,"href":"https:\/\/www.dormire.se\/index.php?rest_route=\/wp\/v2\/users\/1"}],"replies":[{"embeddable":true,"href":"https:\/\/www.dormire.se\/index.php?rest_route=%2Fwp%2Fv2%2Fcomments&post=8"}],"version-history":[{"count":19,"href":"https:\/\/www.dormire.se\/index.php?rest_route=\/wp\/v2\/pages\/8\/revisions"}],"predecessor-version":[{"id":491,"href":"https:\/\/www.dormire.se\/index.php?rest_route=\/wp\/v2\/pages\/8\/revisions\/491"}],"wp:featuredmedia":[{"embeddable":true,"href":"https:\/\/www.dormire.se\/index.php?rest_route=\/wp\/v2\/media\/358"}],"wp:attachment":[{"href":"https:\/\/www.dormire.se\/index.php?rest_route=%2Fwp%2Fv2%2Fmedia&parent=8"}],"curies":[{"name":"wp","href":"https:\/\/api.w.org\/{rel}","templated":true}]}}