{"id":7,"date":"2017-03-19T11:51:01","date_gmt":"2017-03-19T11:51:01","guid":{"rendered":"http:\/\/www.dormire.se\/?page_id=7"},"modified":"2017-09-04T09:48:30","modified_gmt":"2017-09-04T08:48:30","slug":"home","status":"publish","type":"page","link":"https:\/\/www.dormire.se\/","title":{"rendered":""},"content":{"rendered":"<h1 style=\"text-align: center;\">V\u00e4lkommen till Dormire!<\/h1>\n<h1 style=\"text-align: center;\">V\u00e5rt m\u00e5l \u00e4r ditt v\u00e4lbefinnande.<\/h1>\n<p style=\"text-align: center;\"><strong>Hos oss hittar du t\u00e4cken och andra hj\u00e4lpmedel f\u00f6r att sova gott och f\u00e5 en b\u00e4ttre vardag.<\/strong><\/p>\n<p>&nbsp;<\/p>\n<p>&nbsp;<\/p>\n<p>&nbsp;<\/p>\n<p>&nbsp;<\/p>\n<p>&nbsp;<\/p>\n<p>&nbsp;<\/p>\n<p>&nbsp;<\/p>\n<p>&nbsp;<\/p>\n<p>&nbsp;<\/p>\n<p style=\"text-align: center;\">\n","protected":false},"excerpt":{"rendered":"<p>V\u00e4lkommen till Dormire! V\u00e5rt m\u00e5l \u00e4r ditt v\u00e4lbefinnande. Hos oss hittar du t\u00e4cken och andra hj\u00e4lpmedel f\u00f6r att sova gott och f\u00e5 en b\u00e4ttre vardag. &nbsp; &nbsp; &nbsp; &nbsp; &nbsp; &nbsp; &nbsp; &nbsp; &nbsp;<\/p>\n","protected":false},"author":1,"featured_media":218,"parent":0,"menu_order":0,"comment_status":"closed","ping_status":"closed","template":"template-homepage.php","meta":{"footnotes":""},"class_list":["post-7","page","type-page","status-publish","has-post-thumbnail","hentry"],"_links":{"self":[{"href":"https:\/\/www.dormire.se\/index.php?rest_route=\/wp\/v2\/pages\/7","targetHints":{"allow":["GET"]}}],"collection":[{"href":"https:\/\/www.dormire.se\/index.php?rest_route=\/wp\/v2\/pages"}],"about":[{"href":"https:\/\/www.dormire.se\/index.php?rest_route=\/wp\/v2\/types\/page"}],"author":[{"embeddable":true,"href":"https:\/\/www.dormire.se\/index.php?rest_route=\/wp\/v2\/users\/1"}],"replies":[{"embeddable":true,"href":"https:\/\/www.dormire.se\/index.php?rest_route=%2Fwp%2Fv2%2Fcomments&post=7"}],"version-history":[{"count":23,"href":"https:\/\/www.dormire.se\/index.php?rest_route=\/wp\/v2\/pages\/7\/revisions"}],"predecessor-version":[{"id":497,"href":"https:\/\/www.dormire.se\/index.php?rest_route=\/wp\/v2\/pages\/7\/revisions\/497"}],"wp:featuredmedia":[{"embeddable":true,"href":"https:\/\/www.dormire.se\/index.php?rest_route=\/wp\/v2\/media\/218"}],"wp:attachment":[{"href":"https:\/\/www.dormire.se\/index.php?rest_route=%2Fwp%2Fv2%2Fmedia&parent=7"}],"curies":[{"name":"wp","href":"https:\/\/api.w.org\/{rel}","templated":true}]}}