{"id":67,"date":"2017-03-21T21:12:00","date_gmt":"2017-03-21T20:12:00","guid":{"rendered":"http:\/\/www.dormire.se\/?page_id=67"},"modified":"2017-10-18T21:37:12","modified_gmt":"2017-10-18T20:37:12","slug":"tillbehor","status":"publish","type":"page","link":"https:\/\/www.dormire.se\/?page_id=67","title":{"rendered":"Tillbeh\u00f6r"},"content":{"rendered":"<p>Det finns olika tillbeh\u00f6r till b\u00e5de t\u00e4cken och v\u00e4star f\u00f6r olika behov. F\u00f6r ditt tyngdt\u00e4cke passar v\u00e5ra vanliga lakan bra. I de fall d\u00e4r det kr\u00e4vs flamskyddade lakan eller inkontinensskydd s\u00e5\u00a0finns detta att k\u00f6pa till som ett tillbeh\u00f6r.<\/p>\n<p>Alla v\u00e5ra t\u00e4cken levereras i en snygg v\u00e4ska. Vill du k\u00f6pa till ytterligare en v\u00e4ska finns dessa ocks\u00e5 som tillbeh\u00f6r.<\/p>\n","protected":false},"excerpt":{"rendered":"<p>Det finns olika tillbeh\u00f6r till b\u00e5de t\u00e4cken och v\u00e4star f\u00f6r olika behov. F\u00f6r ditt tyngdt\u00e4cke passar v\u00e5ra vanliga lakan bra. I de fall d\u00e4r det kr\u00e4vs flamskyddade lakan eller inkontinensskydd s\u00e5\u00a0finns detta att k\u00f6pa till som ett tillbeh\u00f6r. Alla v\u00e5ra t\u00e4cken levereras i en snygg v\u00e4ska. Vill du k\u00f6pa till ytterligare en v\u00e4ska finns dessa [&hellip;]<\/p>\n","protected":false},"author":1,"featured_media":327,"parent":48,"menu_order":0,"comment_status":"closed","ping_status":"closed","template":"","meta":{"footnotes":""},"class_list":["post-67","page","type-page","status-publish","has-post-thumbnail","hentry"],"_links":{"self":[{"href":"https:\/\/www.dormire.se\/index.php?rest_route=\/wp\/v2\/pages\/67","targetHints":{"allow":["GET"]}}],"collection":[{"href":"https:\/\/www.dormire.se\/index.php?rest_route=\/wp\/v2\/pages"}],"about":[{"href":"https:\/\/www.dormire.se\/index.php?rest_route=\/wp\/v2\/types\/page"}],"author":[{"embeddable":true,"href":"https:\/\/www.dormire.se\/index.php?rest_route=\/wp\/v2\/users\/1"}],"replies":[{"embeddable":true,"href":"https:\/\/www.dormire.se\/index.php?rest_route=%2Fwp%2Fv2%2Fcomments&post=67"}],"version-history":[{"count":5,"href":"https:\/\/www.dormire.se\/index.php?rest_route=\/wp\/v2\/pages\/67\/revisions"}],"predecessor-version":[{"id":329,"href":"https:\/\/www.dormire.se\/index.php?rest_route=\/wp\/v2\/pages\/67\/revisions\/329"}],"up":[{"embeddable":true,"href":"https:\/\/www.dormire.se\/index.php?rest_route=\/wp\/v2\/pages\/48"}],"wp:featuredmedia":[{"embeddable":true,"href":"https:\/\/www.dormire.se\/index.php?rest_route=\/wp\/v2\/media\/327"}],"wp:attachment":[{"href":"https:\/\/www.dormire.se\/index.php?rest_route=%2Fwp%2Fv2%2Fmedia&parent=67"}],"curies":[{"name":"wp","href":"https:\/\/api.w.org\/{rel}","templated":true}]}}