{"id":63,"date":"2017-03-21T19:49:51","date_gmt":"2017-03-21T19:49:51","guid":{"rendered":"http:\/\/www.dormire.se\/?page_id=63"},"modified":"2017-10-18T22:31:25","modified_gmt":"2017-10-18T21:31:25","slug":"tyngdvastar","status":"publish","type":"page","link":"https:\/\/www.dormire.se\/?page_id=63","title":{"rendered":"Tryckv\u00e4st"},"content":{"rendered":"<div id=\"product-details\" class=\"tab-pane active\">\n<p>En tryckv\u00e4st syftar till att lugna och skapa trygghet f\u00f6r b\u00e4raren. Trycket fr\u00e5n v\u00e4sten ger ett j\u00e4mnt djupt tryck p\u00e5 kroppen och fungerar som en stor h\u00e4rlig kram. H\u00e4r anv\u00e4nds inte vikter utan ist\u00e4llet stretchen i neoprenet som skapar tryck mot kroppen. Man st\u00e4ller in trycket genom att dra \u00e5t v\u00e4sten.<\/p>\n<\/div>\n<p>V\u00e4sten \u00e4r tillverkad av neopren tillsammans med mjukt mesh p\u00e5 sidorna f\u00f6r att \u00f6ka luftigheten.<\/p>\n<div id=\"product-details\" class=\"tab-pane active\">\n<div id=\"gt-res-content\">\n<div id=\"gt-res-dir-ctr\" class=\"trans-verified-button-small\" dir=\"ltr\"><span id=\"result_box\" lang=\"sv\">Det stretchiga neoprenet ger en lugnande effekt och kompression runt kroppen, hj\u00e4lper till att lugna och fr\u00e4mja sinnesron.<br \/>\n<\/span><\/div>\n<div class=\"trans-verified-button-small\" dir=\"ltr\"><\/div>\n<\/div>\n<div id=\"gt-res-tools\"><img loading=\"lazy\" decoding=\"async\" class=\"size-medium wp-image-366 alignright\" src=\"http:\/\/www.dormire.se\/wp-content\/uploads\/2017\/10\/dpv05dpv10dpv20blk.jpg_81-300x295.png\" alt=\"\" width=\"300\" height=\"295\" srcset=\"https:\/\/www.dormire.se\/wp-content\/uploads\/2017\/10\/dpv05dpv10dpv20blk.jpg_81-300x295.png 300w, https:\/\/www.dormire.se\/wp-content\/uploads\/2017\/10\/dpv05dpv10dpv20blk.jpg_81.png 360w\" sizes=\"auto, (max-width: 300px) 100vw, 300px\" \/><\/div>\n<ul>\n<li id=\"gt-res-tools\">\u00a0Hj\u00e4lper b\u00e4raren att fokusera och \u00f6ka koncentrationsf\u00f6rm\u00e5gan.<\/li>\n<li><span id=\"result_box\" lang=\"sv\">\u00a0Kramliknande komprimering uppmuntrar lugn och trygghet<\/span><\/li>\n<li><span id=\"result_box\" lang=\"sv\">\u00a0Hj\u00e4lper barn och vuxna med ADHD, sensorisk st\u00f6rning eller autism<\/span><\/li>\n<li><span id=\"result_box\" lang=\"sv\">\u00a0Fungerar fr\u00e5n\u00a0 3 \u00e5rs \u00e5lder upp till vuxen<\/span><\/li>\n<\/ul>\n<p>V\u00e4sten finns i storlekarna S, M, L.<\/p>\n<p>&nbsp;<\/p>\n<\/div>\n","protected":false},"excerpt":{"rendered":"<p>En tryckv\u00e4st syftar till att lugna och skapa trygghet f\u00f6r b\u00e4raren. Trycket fr\u00e5n v\u00e4sten ger ett j\u00e4mnt djupt tryck p\u00e5 kroppen och fungerar som en stor h\u00e4rlig kram. H\u00e4r anv\u00e4nds inte vikter utan ist\u00e4llet stretchen i neoprenet som skapar tryck mot kroppen. Man st\u00e4ller in trycket genom att dra \u00e5t v\u00e4sten. V\u00e4sten \u00e4r tillverkad av [&hellip;]<\/p>\n","protected":false},"author":1,"featured_media":344,"parent":48,"menu_order":0,"comment_status":"closed","ping_status":"closed","template":"","meta":{"footnotes":""},"class_list":["post-63","page","type-page","status-publish","has-post-thumbnail","hentry"],"_links":{"self":[{"href":"https:\/\/www.dormire.se\/index.php?rest_route=\/wp\/v2\/pages\/63","targetHints":{"allow":["GET"]}}],"collection":[{"href":"https:\/\/www.dormire.se\/index.php?rest_route=\/wp\/v2\/pages"}],"about":[{"href":"https:\/\/www.dormire.se\/index.php?rest_route=\/wp\/v2\/types\/page"}],"author":[{"embeddable":true,"href":"https:\/\/www.dormire.se\/index.php?rest_route=\/wp\/v2\/users\/1"}],"replies":[{"embeddable":true,"href":"https:\/\/www.dormire.se\/index.php?rest_route=%2Fwp%2Fv2%2Fcomments&post=63"}],"version-history":[{"count":16,"href":"https:\/\/www.dormire.se\/index.php?rest_route=\/wp\/v2\/pages\/63\/revisions"}],"predecessor-version":[{"id":371,"href":"https:\/\/www.dormire.se\/index.php?rest_route=\/wp\/v2\/pages\/63\/revisions\/371"}],"up":[{"embeddable":true,"href":"https:\/\/www.dormire.se\/index.php?rest_route=\/wp\/v2\/pages\/48"}],"wp:featuredmedia":[{"embeddable":true,"href":"https:\/\/www.dormire.se\/index.php?rest_route=\/wp\/v2\/media\/344"}],"wp:attachment":[{"href":"https:\/\/www.dormire.se\/index.php?rest_route=%2Fwp%2Fv2%2Fmedia&parent=63"}],"curies":[{"name":"wp","href":"https:\/\/api.w.org\/{rel}","templated":true}]}}