{"id":48,"date":"2017-03-21T19:38:42","date_gmt":"2017-03-21T19:38:42","guid":{"rendered":"http:\/\/www.dormire.se\/?page_id=48"},"modified":"2017-10-18T22:15:48","modified_gmt":"2017-10-18T21:15:48","slug":"produkter","status":"publish","type":"page","link":"https:\/\/www.dormire.se\/?page_id=48","title":{"rendered":"Produkter"},"content":{"rendered":"<p><strong>Tyngdt\u00e4cken, Tyngdv\u00e4star, Hoodies <\/strong><\/p>\n<p>Hos Dormire hittar du tyngdt\u00e4cken och tyngdv\u00e4star f\u00f6r sinnesro och god s\u00f6mn.<\/p>\n<p>Tyngdt\u00e4cken anv\u00e4nds f\u00f6r att f\u00f6rb\u00e4ttra s\u00f6mnkvalitet, minska stress, lindra \u00e5ngest, reducera motorisk oro m.m. T\u00e4cket kan med f\u00f6rdel anv\u00e4ndas vid s\u00f6mn- sv\u00e5righeter, stressrelaterade sjukdomar, psykisk oh\u00e4lsa, neuropsykiatriska funktionshinder, motorisk oro, \u00e4tst\u00f6rningar samt en m\u00e4ngd andra tillst\u00e5nd.<\/p>\n<p>Personer med ADHD upplever ofta en \u00f6kad koncentration och delaktighet i vardagen efter anv\u00e4ndning av tyngdt\u00e4cke.<\/p>\n<p>Personer med s\u00f6mnproblematik f\u00e5r f\u00f6rb\u00e4ttrad s\u00f6mnkvalitet samt minskad motorisk oro p\u00e5 natten vid anv\u00e4ndning av tyngdt\u00e4cke. M\u00e5nga upplever att de kan komma till ro, slappnar l\u00e4ttare av, f\u00e5r f\u00f6rb\u00e4ttrad s\u00f6mn och k\u00e4nner sig mer utvilade efter anv\u00e4ndning av tyngdt\u00e4cke.<\/p>\n<p>Flera av v\u00e5ra tyngdt\u00e4cken har varierbara vikter vilket m\u00f6jligg\u00f6r att du sj\u00e4lv enkelt kan anpassa ditt t\u00e4cke. Du kan l\u00e4gga till eller ta bort vikter d\u00e4r du tycker att det passar b\u00e4st. Du har ett t\u00e4cke som b\u00e5de v\u00e4xer med \u00e5lder och tid.<\/p>\n<p><strong>Varf\u00f6r varierbara vikter?<\/strong><\/p>\n<p>Med m\u00f6jligheten att l\u00e4gga till ytterligare tyngder i v\u00e5ra varierbara t\u00e4cken kan barnet beh\u00e5lla och anpassa t\u00e4cket i takt med tillv\u00e4xten och behovet av \u00f6kad tyngd. Detta spar tid och underl\u00e4ttar b\u00e5de f\u00f6r brukare och f\u00f6rskrivare och \u00e4r f\u00f6rst\u00e5s klart ekonomiskt f\u00f6rdelaktigt j\u00e4mf\u00f6rt med att k\u00f6pa\/f\u00f6rskriva nya.<\/p>\n<p>En annan f\u00f6rdel med varierbara vikter \u00e4r att tyngdt\u00e4cket g\u00e5r att anv\u00e4ndas \u00e4ven av personer som upplever sm\u00e4rta eller obehag vid tryck \u00f6ver olika delar av kroppen genom att helt enkelt f\u00f6rdela vikterna utifr\u00e5n dess individuella behov och \u00f6nskem\u00e5l.<\/p>\n","protected":false},"excerpt":{"rendered":"<p>Tyngdt\u00e4cken, Tyngdv\u00e4star, Hoodies Hos Dormire hittar du tyngdt\u00e4cken och tyngdv\u00e4star f\u00f6r sinnesro och god s\u00f6mn. Tyngdt\u00e4cken anv\u00e4nds f\u00f6r att f\u00f6rb\u00e4ttra s\u00f6mnkvalitet, minska stress, lindra \u00e5ngest, reducera motorisk oro m.m. T\u00e4cket kan med f\u00f6rdel anv\u00e4ndas vid s\u00f6mn- sv\u00e5righeter, stressrelaterade sjukdomar, psykisk oh\u00e4lsa, neuropsykiatriska funktionshinder, motorisk oro, \u00e4tst\u00f6rningar samt en m\u00e4ngd andra tillst\u00e5nd. Personer med ADHD upplever [&hellip;]<\/p>\n","protected":false},"author":1,"featured_media":122,"parent":0,"menu_order":0,"comment_status":"closed","ping_status":"closed","template":"","meta":{"footnotes":""},"class_list":["post-48","page","type-page","status-publish","has-post-thumbnail","hentry"],"_links":{"self":[{"href":"https:\/\/www.dormire.se\/index.php?rest_route=\/wp\/v2\/pages\/48","targetHints":{"allow":["GET"]}}],"collection":[{"href":"https:\/\/www.dormire.se\/index.php?rest_route=\/wp\/v2\/pages"}],"about":[{"href":"https:\/\/www.dormire.se\/index.php?rest_route=\/wp\/v2\/types\/page"}],"author":[{"embeddable":true,"href":"https:\/\/www.dormire.se\/index.php?rest_route=\/wp\/v2\/users\/1"}],"replies":[{"embeddable":true,"href":"https:\/\/www.dormire.se\/index.php?rest_route=%2Fwp%2Fv2%2Fcomments&post=48"}],"version-history":[{"count":13,"href":"https:\/\/www.dormire.se\/index.php?rest_route=\/wp\/v2\/pages\/48\/revisions"}],"predecessor-version":[{"id":362,"href":"https:\/\/www.dormire.se\/index.php?rest_route=\/wp\/v2\/pages\/48\/revisions\/362"}],"wp:featuredmedia":[{"embeddable":true,"href":"https:\/\/www.dormire.se\/index.php?rest_route=\/wp\/v2\/media\/122"}],"wp:attachment":[{"href":"https:\/\/www.dormire.se\/index.php?rest_route=%2Fwp%2Fv2%2Fmedia&parent=48"}],"curies":[{"name":"wp","href":"https:\/\/api.w.org\/{rel}","templated":true}]}}