{"id":256,"date":"2017-10-15T07:22:47","date_gmt":"2017-10-15T06:22:47","guid":{"rendered":"http:\/\/www.dormire.se\/?page_id=256"},"modified":"2017-10-18T22:42:38","modified_gmt":"2017-10-18T21:42:38","slug":"tyngdvastar-och-hoodies","status":"publish","type":"page","link":"https:\/\/www.dormire.se\/?page_id=256","title":{"rendered":"Tyngdv\u00e4star och Hoodies"},"content":{"rendered":"<p>Anv\u00e4ndning av tyngdprodukter i skolan kan hj\u00e4lpa barn att koncentrera sig b\u00e4ttre p\u00e5 lektionerna och genom att lindra motorisk oro klara av att sitta stilla p\u00e5 sin plats. Tyngdv\u00e4star och Tyngdhoodies inneh\u00e5ller tyngder som ger taktil stimulans vilket g\u00f6r att kroppens egna lugn och ro hormon\/m\u00e5 bra hormon oxytocin uts\u00f6ndras och verkar lugnande.<\/p>\n<p>Produkterna kan anv\u00e4ndas dagtid vid koncentrationsproblematik p\u00e5 skolan eller arbetsplatsen vid stressproblematik, muskelsp\u00e4ndhet med mera. Har visat sig ge en god effekt vid neuropsykiatrisk problematik eller intellektuella funktionsneds\u00e4ttningar. Ett diskret och snyggt s\u00e4tt f\u00f6r hj\u00e4lp att slappna av och lindra motorisk oro.<\/p>\n<p>Forskning visar att barn som anv\u00e4nder tyngdv\u00e4star i skolan har l\u00e4ttare att koncentrera sig, f\u00e5r minskad motorisk oro och f\u00f6rb\u00e4ttrade resultat p\u00e5 sina skolarbeten.<\/p>\n","protected":false},"excerpt":{"rendered":"<p>Anv\u00e4ndning av tyngdprodukter i skolan kan hj\u00e4lpa barn att koncentrera sig b\u00e4ttre p\u00e5 lektionerna och genom att lindra motorisk oro klara av att sitta stilla p\u00e5 sin plats. Tyngdv\u00e4star och Tyngdhoodies inneh\u00e5ller tyngder som ger taktil stimulans vilket g\u00f6r att kroppens egna lugn och ro hormon\/m\u00e5 bra hormon oxytocin uts\u00f6ndras och verkar lugnande. Produkterna kan [&hellip;]<\/p>\n","protected":false},"author":1,"featured_media":355,"parent":0,"menu_order":0,"comment_status":"closed","ping_status":"closed","template":"","meta":{"footnotes":""},"class_list":["post-256","page","type-page","status-publish","has-post-thumbnail","hentry"],"_links":{"self":[{"href":"https:\/\/www.dormire.se\/index.php?rest_route=\/wp\/v2\/pages\/256","targetHints":{"allow":["GET"]}}],"collection":[{"href":"https:\/\/www.dormire.se\/index.php?rest_route=\/wp\/v2\/pages"}],"about":[{"href":"https:\/\/www.dormire.se\/index.php?rest_route=\/wp\/v2\/types\/page"}],"author":[{"embeddable":true,"href":"https:\/\/www.dormire.se\/index.php?rest_route=\/wp\/v2\/users\/1"}],"replies":[{"embeddable":true,"href":"https:\/\/www.dormire.se\/index.php?rest_route=%2Fwp%2Fv2%2Fcomments&post=256"}],"version-history":[{"count":2,"href":"https:\/\/www.dormire.se\/index.php?rest_route=\/wp\/v2\/pages\/256\/revisions"}],"predecessor-version":[{"id":374,"href":"https:\/\/www.dormire.se\/index.php?rest_route=\/wp\/v2\/pages\/256\/revisions\/374"}],"wp:featuredmedia":[{"embeddable":true,"href":"https:\/\/www.dormire.se\/index.php?rest_route=\/wp\/v2\/media\/355"}],"wp:attachment":[{"href":"https:\/\/www.dormire.se\/index.php?rest_route=%2Fwp%2Fv2%2Fmedia&parent=256"}],"curies":[{"name":"wp","href":"https:\/\/api.w.org\/{rel}","templated":true}]}}