{"id":253,"date":"2017-10-15T07:19:48","date_gmt":"2017-10-15T06:19:48","guid":{"rendered":"http:\/\/www.dormire.se\/?page_id=253"},"modified":"2017-10-18T22:40:05","modified_gmt":"2017-10-18T21:40:05","slug":"sensory-tyngdvast","status":"publish","type":"page","link":"https:\/\/www.dormire.se\/?page_id=253","title":{"rendered":"Sensory Tyngdv\u00e4st"},"content":{"rendered":"<p>En tyngdv\u00e4st syftar till att lugna och skapa trygghet f\u00f6r b\u00e4raren. V\u00e4sten kan anv\u00e4ndas av barn i klassrum f\u00f6r att \u00f6ka koncentrationsf\u00f6rm\u00e5gan och minska hyperaktivitet. Hj\u00e4lper barn och vuxna med ADHD, sensorisk st\u00f6rning, autism eller inl\u00e4rningssv\u00e5righeter att koncentrera sig eller slappna av.<\/p>\n<p>Finns i storlekar fr\u00e5n 2 \u00e5r. Finns i storlekar f\u00f6r barn XS, S, M, L och vuxna S, M, L.<\/p>\n<p class=\"hide-if-no-js\"><a id=\"set-post-thumbnail\" class=\"thickbox\" href=\"http:\/\/www.dormire.se\/wp-admin\/media-upload.php?post_id=253&amp;type=image&amp;TB_iframe=1\" aria-describedby=\"set-post-thumbnail-desc\"><img loading=\"lazy\" decoding=\"async\" class=\"attachment-266x266 size-266x266 alignright\" src=\"http:\/\/www.dormire.se\/wp-content\/uploads\/2017\/10\/shellweightedjacket3.png\" sizes=\"auto, (max-width: 154px) 100vw, 154px\" srcset=\"http:\/\/www.dormire.se\/wp-content\/uploads\/2017\/10\/shellweightedjacket3.png 179w, http:\/\/www.dormire.se\/wp-content\/uploads\/2017\/10\/shellweightedjacket3-174x300.png 174w\" alt=\"\" width=\"154\" height=\"266\" \/><\/a><\/p>\n","protected":false},"excerpt":{"rendered":"<p>En tyngdv\u00e4st syftar till att lugna och skapa trygghet f\u00f6r b\u00e4raren. V\u00e4sten kan anv\u00e4ndas av barn i klassrum f\u00f6r att \u00f6ka koncentrationsf\u00f6rm\u00e5gan och minska hyperaktivitet. Hj\u00e4lper barn och vuxna med ADHD, sensorisk st\u00f6rning, autism eller inl\u00e4rningssv\u00e5righeter att koncentrera sig eller slappna av. Finns i storlekar fr\u00e5n 2 \u00e5r. Finns i storlekar f\u00f6r barn XS, S, [&hellip;]<\/p>\n","protected":false},"author":1,"featured_media":367,"parent":0,"menu_order":0,"comment_status":"closed","ping_status":"closed","template":"","meta":{"footnotes":""},"class_list":["post-253","page","type-page","status-publish","has-post-thumbnail","hentry"],"_links":{"self":[{"href":"https:\/\/www.dormire.se\/index.php?rest_route=\/wp\/v2\/pages\/253","targetHints":{"allow":["GET"]}}],"collection":[{"href":"https:\/\/www.dormire.se\/index.php?rest_route=\/wp\/v2\/pages"}],"about":[{"href":"https:\/\/www.dormire.se\/index.php?rest_route=\/wp\/v2\/types\/page"}],"author":[{"embeddable":true,"href":"https:\/\/www.dormire.se\/index.php?rest_route=\/wp\/v2\/users\/1"}],"replies":[{"embeddable":true,"href":"https:\/\/www.dormire.se\/index.php?rest_route=%2Fwp%2Fv2%2Fcomments&post=253"}],"version-history":[{"count":3,"href":"https:\/\/www.dormire.se\/index.php?rest_route=\/wp\/v2\/pages\/253\/revisions"}],"predecessor-version":[{"id":372,"href":"https:\/\/www.dormire.se\/index.php?rest_route=\/wp\/v2\/pages\/253\/revisions\/372"}],"wp:featuredmedia":[{"embeddable":true,"href":"https:\/\/www.dormire.se\/index.php?rest_route=\/wp\/v2\/media\/367"}],"wp:attachment":[{"href":"https:\/\/www.dormire.se\/index.php?rest_route=%2Fwp%2Fv2%2Fmedia&parent=253"}],"curies":[{"name":"wp","href":"https:\/\/api.w.org\/{rel}","templated":true}]}}