{"id":250,"date":"2017-10-15T07:19:36","date_gmt":"2017-10-15T06:19:36","guid":{"rendered":"http:\/\/www.dormire.se\/?page_id=250"},"modified":"2017-10-18T22:54:29","modified_gmt":"2017-10-18T21:54:29","slug":"sensory-tyngdhoodie","status":"publish","type":"page","link":"https:\/\/www.dormire.se\/?page_id=250","title":{"rendered":"Sensory Tyngdhoodie"},"content":{"rendered":"<p>Sensory Tyngdhoodie \u00e4r perfekt att ha i skolan och till vardags vid exempelvis l\u00e4xl\u00e4sning. Vikterna anpassas efter individ och tillf\u00e4lle. H<img loading=\"lazy\" decoding=\"async\" class=\" wp-image-370 alignright\" src=\"http:\/\/www.dormire.se\/wp-content\/uploads\/2017\/10\/whd02blu-300x295.png\" alt=\"\" width=\"263\" height=\"259\" srcset=\"https:\/\/www.dormire.se\/wp-content\/uploads\/2017\/10\/whd02blu-300x295.png 300w, https:\/\/www.dormire.se\/wp-content\/uploads\/2017\/10\/whd02blu.png 360w\" sizes=\"auto, (max-width: 263px) 100vw, 263px\" \/>oodien kan med f\u00f6rdel anv\u00e4ndas f\u00f6r att minska motorisk oro och verka lugnande dagtid i skolan eller p\u00e5 arbetet. Ett diskret s\u00e4tt att f\u00f6rb\u00e4ttra koncentrationsf\u00f6rm\u00e5gan och f\u00e5 dig att slappna av.<\/p>\n<p>Finns i storlekarna S\/M, M\/L, XL.<\/p>\n<p>&nbsp;<\/p>\n","protected":false},"excerpt":{"rendered":"<p>Sensory Tyngdhoodie \u00e4r perfekt att ha i skolan och till vardags vid exempelvis l\u00e4xl\u00e4sning. Vikterna anpassas efter individ och tillf\u00e4lle. Hoodien kan med f\u00f6rdel anv\u00e4ndas f\u00f6r att minska motorisk oro och verka lugnande dagtid i skolan eller p\u00e5 arbetet. Ett diskret s\u00e4tt att f\u00f6rb\u00e4ttra koncentrationsf\u00f6rm\u00e5gan och f\u00e5 dig att slappna av. Finns i storlekarna S\/M, [&hellip;]<\/p>\n","protected":false},"author":1,"featured_media":345,"parent":0,"menu_order":0,"comment_status":"closed","ping_status":"closed","template":"","meta":{"footnotes":""},"class_list":["post-250","page","type-page","status-publish","has-post-thumbnail","hentry"],"_links":{"self":[{"href":"https:\/\/www.dormire.se\/index.php?rest_route=\/wp\/v2\/pages\/250","targetHints":{"allow":["GET"]}}],"collection":[{"href":"https:\/\/www.dormire.se\/index.php?rest_route=\/wp\/v2\/pages"}],"about":[{"href":"https:\/\/www.dormire.se\/index.php?rest_route=\/wp\/v2\/types\/page"}],"author":[{"embeddable":true,"href":"https:\/\/www.dormire.se\/index.php?rest_route=\/wp\/v2\/users\/1"}],"replies":[{"embeddable":true,"href":"https:\/\/www.dormire.se\/index.php?rest_route=%2Fwp%2Fv2%2Fcomments&post=250"}],"version-history":[{"count":6,"href":"https:\/\/www.dormire.se\/index.php?rest_route=\/wp\/v2\/pages\/250\/revisions"}],"predecessor-version":[{"id":377,"href":"https:\/\/www.dormire.se\/index.php?rest_route=\/wp\/v2\/pages\/250\/revisions\/377"}],"wp:featuredmedia":[{"embeddable":true,"href":"https:\/\/www.dormire.se\/index.php?rest_route=\/wp\/v2\/media\/345"}],"wp:attachment":[{"href":"https:\/\/www.dormire.se\/index.php?rest_route=%2Fwp%2Fv2%2Fmedia&parent=250"}],"curies":[{"name":"wp","href":"https:\/\/api.w.org\/{rel}","templated":true}]}}