{"id":241,"date":"2017-10-15T07:17:44","date_gmt":"2017-10-15T06:17:44","guid":{"rendered":"http:\/\/www.dormire.se\/?page_id=241"},"modified":"2017-10-18T23:05:20","modified_gmt":"2017-10-18T22:05:20","slug":"viktpaket-till-sensory-tyngdtacke-varierbart","status":"publish","type":"page","link":"https:\/\/www.dormire.se\/?page_id=241","title":{"rendered":"Viktpaket"},"content":{"rendered":"<p><img loading=\"lazy\" decoding=\"async\" class=\"size-medium wp-image-382 alignright\" src=\"http:\/\/www.dormire.se\/wp-content\/uploads\/2017\/10\/IMGP4025-1-300x253.png\" alt=\"\" width=\"300\" height=\"253\" srcset=\"https:\/\/www.dormire.se\/wp-content\/uploads\/2017\/10\/IMGP4025-1-300x253.png 300w, https:\/\/www.dormire.se\/wp-content\/uploads\/2017\/10\/IMGP4025-1-555x468.png 555w, https:\/\/www.dormire.se\/wp-content\/uploads\/2017\/10\/IMGP4025-1-768x648.png 768w, https:\/\/www.dormire.se\/wp-content\/uploads\/2017\/10\/IMGP4025-1-1024x864.png 1024w\" sizes=\"auto, (max-width: 300px) 100vw, 300px\" \/>Viktpaket kan k\u00f6pas separat till Sensory Tyngdt\u00e4cken med varierbara vikter. Viktpaket finns i f\u00f6ljande vikter:<br \/>\nViktpaket 8\u00d7200g<br \/>\nViktpaket 8\u00d7350g<\/p>\n<p>Reservdelar &#8211; separata viktp\u00e5sar:<br \/>\nExtravikt till 2,5kg Sensory Tyngdt\u00e4cke, 70g\/st<br \/>\nExtravikt till 3,2kg Sensory Tyngdt\u00e4cke, 105g\/st<br \/>\nExtravikt till 4,5kg Sensory Tyngdt\u00e4cke, 170g\/st<br \/>\nExtravikt till 6,0kg Sensory Tyngdt\u00e4cke, 245g\/st<br \/>\nExtravikt till 8,0kg Sensory Tyngdt\u00e4cke, 345g\/st<br \/>\nExtravikt till 10,0kg Sensory Tyngdt\u00e4cke, 445g\/st<br \/>\nExtravikt till 14,0kg Sensory Tyngdt\u00e4cke, 645g\/st<\/p>\n","protected":false},"excerpt":{"rendered":"<p>Viktpaket kan k\u00f6pas separat till Sensory Tyngdt\u00e4cken med varierbara vikter. Viktpaket finns i f\u00f6ljande vikter: Viktpaket 8\u00d7200g Viktpaket 8\u00d7350g Reservdelar &#8211; separata viktp\u00e5sar: Extravikt till 2,5kg Sensory Tyngdt\u00e4cke, 70g\/st Extravikt till 3,2kg Sensory Tyngdt\u00e4cke, 105g\/st Extravikt till 4,5kg Sensory Tyngdt\u00e4cke, 170g\/st Extravikt till 6,0kg Sensory Tyngdt\u00e4cke, 245g\/st Extravikt till 8,0kg Sensory Tyngdt\u00e4cke, 345g\/st Extravikt till [&hellip;]<\/p>\n","protected":false},"author":1,"featured_media":380,"parent":0,"menu_order":0,"comment_status":"closed","ping_status":"closed","template":"","meta":{"footnotes":""},"class_list":["post-241","page","type-page","status-publish","has-post-thumbnail","hentry"],"_links":{"self":[{"href":"https:\/\/www.dormire.se\/index.php?rest_route=\/wp\/v2\/pages\/241","targetHints":{"allow":["GET"]}}],"collection":[{"href":"https:\/\/www.dormire.se\/index.php?rest_route=\/wp\/v2\/pages"}],"about":[{"href":"https:\/\/www.dormire.se\/index.php?rest_route=\/wp\/v2\/types\/page"}],"author":[{"embeddable":true,"href":"https:\/\/www.dormire.se\/index.php?rest_route=\/wp\/v2\/users\/1"}],"replies":[{"embeddable":true,"href":"https:\/\/www.dormire.se\/index.php?rest_route=%2Fwp%2Fv2%2Fcomments&post=241"}],"version-history":[{"count":6,"href":"https:\/\/www.dormire.se\/index.php?rest_route=\/wp\/v2\/pages\/241\/revisions"}],"predecessor-version":[{"id":383,"href":"https:\/\/www.dormire.se\/index.php?rest_route=\/wp\/v2\/pages\/241\/revisions\/383"}],"wp:featuredmedia":[{"embeddable":true,"href":"https:\/\/www.dormire.se\/index.php?rest_route=\/wp\/v2\/media\/380"}],"wp:attachment":[{"href":"https:\/\/www.dormire.se\/index.php?rest_route=%2Fwp%2Fv2%2Fmedia&parent=241"}],"curies":[{"name":"wp","href":"https:\/\/api.w.org\/{rel}","templated":true}]}}