{"id":238,"date":"2017-10-15T07:16:31","date_gmt":"2017-10-15T06:16:31","guid":{"rendered":"http:\/\/www.dormire.se\/?page_id=238"},"modified":"2017-10-18T22:58:51","modified_gmt":"2017-10-18T21:58:51","slug":"vaska","status":"publish","type":"page","link":"https:\/\/www.dormire.se\/?page_id=238","title":{"rendered":"V\u00e4ska"},"content":{"rendered":"<p><img loading=\"lazy\" decoding=\"async\" class=\"size-medium wp-image-325\" src=\"http:\/\/www.dormire.se\/wp-content\/uploads\/2017\/03\/DSC07722-300x201.jpg\" alt=\"\" width=\"300\" height=\"201\" srcset=\"https:\/\/www.dormire.se\/wp-content\/uploads\/2017\/03\/DSC07722-300x201.jpg 300w, https:\/\/www.dormire.se\/wp-content\/uploads\/2017\/03\/DSC07722-555x372.jpg 555w, https:\/\/www.dormire.se\/wp-content\/uploads\/2017\/03\/DSC07722-768x514.jpg 768w, https:\/\/www.dormire.se\/wp-content\/uploads\/2017\/03\/DSC07722-1024x685.jpg 1024w, https:\/\/www.dormire.se\/wp-content\/uploads\/2017\/03\/DSC07722-750x500.jpg 750w\" sizes=\"auto, (max-width: 300px) 100vw, 300px\" \/><\/p>\n<p>Dormire samarbetar med Sebago f\u00f6r en snygg v\u00e4ska. P\u00e5 Dormire vill vi att anv\u00e4ndaren l\u00e4tt ska kunna ta med sig sitt t\u00e4cke. Oavsett om det \u00e4r p\u00e5 semestern, weekendresan eller n\u00e4r man ska sova \u00f6ver hos en kompis. V\u00e4skan \u00e4r av h\u00f6g kvalitet, h\u00e5llbar och v\u00e4ldigt praktisk. V\u00e4skan klarar det tyngsta t\u00e4ckets vikt.<\/p>\n<p>V\u00e4skan finns i tv\u00e5 storlekar: 45 Liter och 30 Liter.<\/p>\n","protected":false},"excerpt":{"rendered":"<p>Dormire samarbetar med Sebago f\u00f6r en snygg v\u00e4ska. P\u00e5 Dormire vill vi att anv\u00e4ndaren l\u00e4tt ska kunna ta med sig sitt t\u00e4cke. Oavsett om det \u00e4r p\u00e5 semestern, weekendresan eller n\u00e4r man ska sova \u00f6ver hos en kompis. V\u00e4skan \u00e4r av h\u00f6g kvalitet, h\u00e5llbar och v\u00e4ldigt praktisk. V\u00e4skan klarar det tyngsta t\u00e4ckets vikt. V\u00e4skan finns [&hellip;]<\/p>\n","protected":false},"author":1,"featured_media":353,"parent":0,"menu_order":0,"comment_status":"closed","ping_status":"closed","template":"","meta":{"footnotes":""},"class_list":["post-238","page","type-page","status-publish","has-post-thumbnail","hentry"],"_links":{"self":[{"href":"https:\/\/www.dormire.se\/index.php?rest_route=\/wp\/v2\/pages\/238","targetHints":{"allow":["GET"]}}],"collection":[{"href":"https:\/\/www.dormire.se\/index.php?rest_route=\/wp\/v2\/pages"}],"about":[{"href":"https:\/\/www.dormire.se\/index.php?rest_route=\/wp\/v2\/types\/page"}],"author":[{"embeddable":true,"href":"https:\/\/www.dormire.se\/index.php?rest_route=\/wp\/v2\/users\/1"}],"replies":[{"embeddable":true,"href":"https:\/\/www.dormire.se\/index.php?rest_route=%2Fwp%2Fv2%2Fcomments&post=238"}],"version-history":[{"count":4,"href":"https:\/\/www.dormire.se\/index.php?rest_route=\/wp\/v2\/pages\/238\/revisions"}],"predecessor-version":[{"id":379,"href":"https:\/\/www.dormire.se\/index.php?rest_route=\/wp\/v2\/pages\/238\/revisions\/379"}],"wp:featuredmedia":[{"embeddable":true,"href":"https:\/\/www.dormire.se\/index.php?rest_route=\/wp\/v2\/media\/353"}],"wp:attachment":[{"href":"https:\/\/www.dormire.se\/index.php?rest_route=%2Fwp%2Fv2%2Fmedia&parent=238"}],"curies":[{"name":"wp","href":"https:\/\/api.w.org\/{rel}","templated":true}]}}