{"id":192,"date":"2017-04-02T14:55:48","date_gmt":"2017-04-02T13:55:48","guid":{"rendered":"http:\/\/www.dormire.se\/?page_id=192"},"modified":"2017-10-18T21:33:02","modified_gmt":"2017-10-18T20:33:02","slug":"radgivning","status":"publish","type":"page","link":"https:\/\/www.dormire.se\/?page_id=192","title":{"rendered":"R\u00e5dgivning"},"content":{"rendered":"<p>Vi kan erbjuda professionell r\u00e5dgivning och utprovning utifr\u00e5n dina \u00f6nskem\u00e5l.<\/p>\n<p>Kontakta v\u00e5r arbetsterapeut, Patricia. Hon har m\u00e5ng\u00e5rig erfarenhet av f\u00f6rskrivning av tyngdt\u00e4cken.<\/p>\n<p>E-post: patricia@dormire.se<\/p>\n","protected":false},"excerpt":{"rendered":"<p>Vi kan erbjuda professionell r\u00e5dgivning och utprovning utifr\u00e5n dina \u00f6nskem\u00e5l. Kontakta v\u00e5r arbetsterapeut, Patricia. Hon har m\u00e5ng\u00e5rig erfarenhet av f\u00f6rskrivning av tyngdt\u00e4cken. E-post: patricia@dormire.se<\/p>\n","protected":false},"author":1,"featured_media":0,"parent":0,"menu_order":0,"comment_status":"closed","ping_status":"closed","template":"","meta":{"footnotes":""},"class_list":["post-192","page","type-page","status-publish","hentry"],"_links":{"self":[{"href":"https:\/\/www.dormire.se\/index.php?rest_route=\/wp\/v2\/pages\/192","targetHints":{"allow":["GET"]}}],"collection":[{"href":"https:\/\/www.dormire.se\/index.php?rest_route=\/wp\/v2\/pages"}],"about":[{"href":"https:\/\/www.dormire.se\/index.php?rest_route=\/wp\/v2\/types\/page"}],"author":[{"embeddable":true,"href":"https:\/\/www.dormire.se\/index.php?rest_route=\/wp\/v2\/users\/1"}],"replies":[{"embeddable":true,"href":"https:\/\/www.dormire.se\/index.php?rest_route=%2Fwp%2Fv2%2Fcomments&post=192"}],"version-history":[{"count":2,"href":"https:\/\/www.dormire.se\/index.php?rest_route=\/wp\/v2\/pages\/192\/revisions"}],"predecessor-version":[{"id":322,"href":"https:\/\/www.dormire.se\/index.php?rest_route=\/wp\/v2\/pages\/192\/revisions\/322"}],"wp:attachment":[{"href":"https:\/\/www.dormire.se\/index.php?rest_route=%2Fwp%2Fv2%2Fmedia&parent=192"}],"curies":[{"name":"wp","href":"https:\/\/api.w.org\/{rel}","templated":true}]}}